{"id":211,"date":"2021-12-23T04:27:08","date_gmt":"2021-12-23T04:27:08","guid":{"rendered":"https:\/\/khachhang2.web3b.com\/hdec\/?page_id=211"},"modified":"2023-02-07T08:52:06","modified_gmt":"2023-02-07T08:52:06","slug":"lich-su-hinh-thanh","status":"publish","type":"page","link":"https:\/\/p69.com.vn\/en\/lich-su-hinh-thanh\/","title":{"rendered":"HISTORY OF ESTABLISHMENT"},"content":{"rendered":"<p><strong>C\u00f4ng ty C\u1ed5 Ph\u1ea7n \u0110\u1ea7u T\u01b0 P69<\/strong>\u00a0&#8211; Ti\u1ec1n th\u00e2n l\u00e0<strong>\u00a0C\u00f4ng ty TNHH C\u01a1 kh\u00ed v\u00e0 l\u1eafp m\u00e1y P69<\/strong>\u00a0&#8211; Nguy\u00ean thu\u1ef7 l\u00e0\u00a0<strong>C\u00f4ng ty TNHH Nguy\u1ec5n Ti\u1ebfn Ph\u00fa\u00a0<\/strong>\u0111\u00e3 c\u00f3 tr\u00ean 25 n\u0103m ho\u1ea1t \u0111\u1ed9ng c\u00f3 hi\u1ec7u qu\u1ea3 cao trong l\u0129nh v\u1ef1c gia c\u00f4ng ch\u1ebf t\u1ea1o c\u01a1 kh\u00ed, l\u1eafp m\u00e1y c\u00f4ng nghi\u1ec7p, x\u00e2y d\u1ef1ng d\u00e2n d\u1ee5ng, s\u1ea3n xu\u1ea5t v\u00e0 l\u1eafp \u0111\u1eb7t h\u1ec7 th\u1ed1ng th\u00f4ng gi\u00f3, \u0111i\u1ec1u h\u00f2a, h\u00fat b\u1ee5i c\u00f4ng nghi\u1ec7p. Do nhu c\u1ea7u m\u1edf r\u1ed9ng th\u00eam c\u00e1c l\u0129nh v\u1ef1c ho\u1ea1t \u0111\u1ed9ng s\u1ea3n xu\u1ea5t kinh doanh, th\u00e1ng 4\u00a0n\u0103m 2019 C\u00f4ng ty TNHH C\u01a1 kh\u00ed v\u00e0 l\u1eafp m\u00e1y P69 chuy\u1ec3n \u0111\u1ed5i th\u00e0nh\u00a0C\u00f4ng ty C\u1ed5 ph\u1ea7n \u0110\u1ea7u t\u01b0\u00a0P69\u00a0theo Gi\u1ea5y ch\u1ee9ng nh\u1eadn \u0111\u0103ng k\u00fd kinh doanh s\u1ed1: 0102352429 do S\u1edf k\u1ebf ho\u1ea1ch v\u00e0 \u0111\u1ea7u t\u01b0 TP H\u00e0 N\u1ed9i c\u1ea5p ng\u00e0y: 14\/04\/2019.<\/p>\n<p>D\u1ef1a tr\u00ean s\u1ef1 ho\u1ea1t \u0111\u1ed9ng c\u00f3 hi\u1ec7u qu\u1ea3 c\u1ee7a c\u00f4ng ty TNHH C\u01a1 Kh\u00ed v\u00e0 l\u1eafp m\u00e1y P69, nay c\u00f4ng ty C\u1ed5 ph\u1ea7n \u0110\u1ea7u t\u01b0\u00a0P69 \u0111\u00e3 c\u00f3 nhi\u1ec1u m\u1ed1i quan h\u1ec7, \u0111\u01b0\u1ee3c kh\u00e1ch h\u00e0ng \u0111\u1eb7c bi\u1ec7t quan t\u00e2m, tin c\u1eady.<\/p>\n<p>V\u1edbi ph\u01b0\u01a1ng ch\u00e2m &#8221;<strong>Uy t\u00edn &#8211; Ch\u1ea5t L\u01b0\u1ee3ng &#8211; Ti\u1ebfn \u0111\u1ed9 &#8211; Hi\u1ec7u qu\u1ea3<\/strong>&#8221;,\u00a0P69 JSC lu\u00f4n h\u01b0\u1edbng t\u1edbi nh\u1eefng c\u00f4ng tr\u00ecnh \u0111\u1ea1t ch\u1ea5t l\u01b0\u1ee3ng cao v\u00e0 kh\u00f4ng ng\u1eebng \u0111\u00e1p \u1ee9ng nh\u1eefng y\u00eau c\u1ea7u c\u1ee7a kh\u00e1ch h\u00e0ng.<\/p>\n<figure id=\"attachment_3797\" aria-describedby=\"caption-attachment-3797\" style=\"width: 1015px\" class=\"wp-caption aligncenter\"><img loading=\"lazy\" decoding=\"async\" class=\"size-full wp-image-3797\" src=\"https:\/\/p69.com.vn\/wp-content\/uploads\/2023\/02\/nha-may-p69.png\" alt=\"nha-may-p69\" width=\"1015\" height=\"600\" srcset=\"https:\/\/p69.com.vn\/wp-content\/uploads\/2023\/02\/nha-may-p69.png 1015w, https:\/\/p69.com.vn\/wp-content\/uploads\/2023\/02\/nha-may-p69-300x177.png 300w, https:\/\/p69.com.vn\/wp-content\/uploads\/2023\/02\/nha-may-p69-768x454.png 768w, https:\/\/p69.com.vn\/wp-content\/uploads\/2023\/02\/nha-may-p69-600x355.png 600w\" sizes=\"auto, (max-width: 1015px) 100vw, 1015px\" \/><figcaption id=\"caption-attachment-3797\" class=\"wp-caption-text\">nha-may-p69<\/figcaption><\/figure>\n<p>&nbsp;<\/p>\n<p>&nbsp;<\/p>\n<p>&nbsp;<\/p>\n","protected":false},"excerpt":{"rendered":"<p>C\u00f4ng ty C\u1ed5 Ph\u1ea7n \u0110\u1ea7u T\u01b0 P69\u00a0&#8211; Ti\u1ec1n th\u00e2n l\u00e0\u00a0C\u00f4ng ty TNHH C\u01a1 kh\u00ed v\u00e0 l\u1eafp m\u00e1y P69\u00a0&#8211; Nguy\u00ean thu\u1ef7 l\u00e0\u00a0C\u00f4ng ty TNHH Nguy\u1ec5n Ti\u1ebfn Ph\u00fa\u00a0\u0111\u00e3 c\u00f3 tr\u00ean 25 n\u0103m ho\u1ea1t \u0111\u1ed9ng c\u00f3 hi\u1ec7u qu\u1ea3 cao trong l\u0129nh v\u1ef1c gia c\u00f4ng ch\u1ebf t\u1ea1o c\u01a1 kh\u00ed, l\u1eafp m\u00e1y c\u00f4ng nghi\u1ec7p, x\u00e2y d\u1ef1ng d\u00e2n d\u1ee5ng, s\u1ea3n xu\u1ea5t [&hellip;]<\/p>\n","protected":false},"author":2,"featured_media":0,"parent":0,"menu_order":0,"comment_status":"closed","ping_status":"closed","template":"","meta":{"footnotes":""},"class_list":["post-211","page","type-page","status-publish","hentry"],"yoast_head":"<!-- This site is optimized with the Yoast SEO Premium plugin v17.1.1 (Yoast SEO v20.0) - https:\/\/yoast.com\/wordpress\/plugins\/seo\/ -->\n<title>HISTORY OF ESTABLISHMENT - P69<\/title>\n<meta name=\"robots\" content=\"index, follow, max-snippet:-1, max-image-preview:large, max-video-preview:-1\" \/>\n<link rel=\"canonical\" href=\"https:\/\/p69.com.vn\/lich-su-hinh-thanh\/\" \/>\n<meta property=\"og:locale\" content=\"en_US\" \/>\n<meta property=\"og:type\" content=\"article\" \/>\n<meta property=\"og:title\" content=\"[:vi]L\u1ecaCH S\u1eec H\u00ccNH TH\u00c0NH[:en]HISTORY OF ESTABLISHMENT[:]\" \/>\n<meta property=\"og:description\" content=\"C\u00f4ng ty C\u1ed5 Ph\u1ea7n \u0110\u1ea7u T\u01b0 P69\u00a0&#8211; Ti\u1ec1n th\u00e2n l\u00e0\u00a0C\u00f4ng ty TNHH C\u01a1 kh\u00ed v\u00e0 l\u1eafp m\u00e1y P69\u00a0&#8211; Nguy\u00ean thu\u1ef7 l\u00e0\u00a0C\u00f4ng ty TNHH Nguy\u1ec5n Ti\u1ebfn Ph\u00fa\u00a0\u0111\u00e3 c\u00f3 tr\u00ean 25 n\u0103m ho\u1ea1t \u0111\u1ed9ng c\u00f3 hi\u1ec7u qu\u1ea3 cao trong l\u0129nh v\u1ef1c gia c\u00f4ng ch\u1ebf t\u1ea1o c\u01a1 kh\u00ed, l\u1eafp m\u00e1y c\u00f4ng nghi\u1ec7p, x\u00e2y d\u1ef1ng d\u00e2n d\u1ee5ng, s\u1ea3n xu\u1ea5t [&hellip;]\" \/>\n<meta property=\"og:url\" content=\"https:\/\/p69.com.vn\/lich-su-hinh-thanh\/\" \/>\n<meta property=\"og:site_name\" content=\"P69\" \/>\n<meta property=\"article:modified_time\" content=\"2023-02-07T08:52:06+00:00\" \/>\n<meta property=\"og:image\" content=\"https:\/\/p69.com.vn\/wp-content\/uploads\/2023\/02\/nha-may-p69.png\" \/>\n<meta name=\"twitter:card\" content=\"summary_large_image\" \/>\n<meta name=\"twitter:label1\" content=\"Est. reading time\" \/>\n\t<meta name=\"twitter:data1\" content=\"2 minutes\" \/>\n<script type=\"application\/ld+json\" class=\"yoast-schema-graph\">{\"@context\":\"https:\/\/schema.org\",\"@graph\":[{\"@type\":\"WebPage\",\"@id\":\"https:\/\/p69.com.vn\/lich-su-hinh-thanh\/\",\"url\":\"https:\/\/p69.com.vn\/lich-su-hinh-thanh\/\",\"name\":\"[:vi]L\u1ecaCH S\u1eec H\u00ccNH TH\u00c0NH[:en]HISTORY OF ESTABLISHMENT[:] - P69\",\"isPartOf\":{\"@id\":\"https:\/\/p69.com.vn\/#website\"},\"datePublished\":\"2021-12-23T04:27:08+00:00\",\"dateModified\":\"2023-02-07T08:52:06+00:00\",\"breadcrumb\":{\"@id\":\"https:\/\/p69.com.vn\/lich-su-hinh-thanh\/#breadcrumb\"},\"inLanguage\":\"en-US\",\"potentialAction\":[{\"@type\":\"ReadAction\",\"target\":[\"https:\/\/p69.com.vn\/lich-su-hinh-thanh\/\"]}]},{\"@type\":\"BreadcrumbList\",\"@id\":\"https:\/\/p69.com.vn\/lich-su-hinh-thanh\/#breadcrumb\",\"itemListElement\":[{\"@type\":\"ListItem\",\"position\":1,\"name\":\"Trang ch\u1ee7\",\"item\":\"https:\/\/p69.com.vn\/\"},{\"@type\":\"ListItem\",\"position\":2,\"name\":\"L\u1ecaCH S\u1eec H\u00ccNH TH\u00c0NH\"}]},{\"@type\":\"WebSite\",\"@id\":\"https:\/\/p69.com.vn\/#website\",\"url\":\"https:\/\/p69.com.vn\/\",\"name\":\"P69\",\"description\":\"C\u00f4ng ty C\u1ed5 Ph\u1ea7n \u0110\u1ea7u T\u01b0 P69\",\"publisher\":{\"@id\":\"https:\/\/p69.com.vn\/#organization\"},\"potentialAction\":[{\"@type\":\"SearchAction\",\"target\":{\"@type\":\"EntryPoint\",\"urlTemplate\":\"https:\/\/p69.com.vn\/?s={search_term_string}\"},\"query-input\":\"required name=search_term_string\"}],\"inLanguage\":\"en-US\"},{\"@type\":\"Organization\",\"@id\":\"https:\/\/p69.com.vn\/#organization\",\"name\":\"P69 - Nh\u00e0 Th\u1ea7u C\u01a1 \u0110i\u1ec7n (M&E) - C\u00f4ng ty C\u1ed5 ph\u1ea7n \u0110\u1ea7u T\u01b0 P69\",\"url\":\"https:\/\/p69.com.vn\/\",\"logo\":{\"@type\":\"ImageObject\",\"inLanguage\":\"en-US\",\"@id\":\"https:\/\/p69.com.vn\/#\/schema\/logo\/image\/\",\"url\":\"https:\/\/p69.com.vn\/wp-content\/uploads\/2022\/01\/log-3.png\",\"contentUrl\":\"https:\/\/p69.com.vn\/wp-content\/uploads\/2022\/01\/log-3.png\",\"width\":80,\"height\":89,\"caption\":\"P69 - Nh\u00e0 Th\u1ea7u C\u01a1 \u0110i\u1ec7n (M&E) - C\u00f4ng ty C\u1ed5 ph\u1ea7n \u0110\u1ea7u T\u01b0 P69\"},\"image\":{\"@id\":\"https:\/\/p69.com.vn\/#\/schema\/logo\/image\/\"}}]}<\/script>\n<!-- \/ Yoast SEO Premium plugin. -->","yoast_head_json":{"title":"[:vi]L\u1ecaCH S\u1eec H\u00ccNH TH\u00c0NH[:en]HISTORY OF ESTABLISHMENT[:] - P69","robots":{"index":"index","follow":"follow","max-snippet":"max-snippet:-1","max-image-preview":"max-image-preview:large","max-video-preview":"max-video-preview:-1"},"canonical":"https:\/\/p69.com.vn\/lich-su-hinh-thanh\/","og_locale":"en_US","og_type":"article","og_title":"[:vi]L\u1ecaCH S\u1eec H\u00ccNH TH\u00c0NH[:en]HISTORY OF ESTABLISHMENT[:]","og_description":"C\u00f4ng ty C\u1ed5 Ph\u1ea7n \u0110\u1ea7u T\u01b0 P69\u00a0&#8211; Ti\u1ec1n th\u00e2n l\u00e0\u00a0C\u00f4ng ty TNHH C\u01a1 kh\u00ed v\u00e0 l\u1eafp m\u00e1y P69\u00a0&#8211; Nguy\u00ean thu\u1ef7 l\u00e0\u00a0C\u00f4ng ty TNHH Nguy\u1ec5n Ti\u1ebfn Ph\u00fa\u00a0\u0111\u00e3 c\u00f3 tr\u00ean 25 n\u0103m ho\u1ea1t \u0111\u1ed9ng c\u00f3 hi\u1ec7u qu\u1ea3 cao trong l\u0129nh v\u1ef1c gia c\u00f4ng ch\u1ebf t\u1ea1o c\u01a1 kh\u00ed, l\u1eafp m\u00e1y c\u00f4ng nghi\u1ec7p, x\u00e2y d\u1ef1ng d\u00e2n d\u1ee5ng, s\u1ea3n xu\u1ea5t [&hellip;]","og_url":"https:\/\/p69.com.vn\/lich-su-hinh-thanh\/","og_site_name":"P69","article_modified_time":"2023-02-07T08:52:06+00:00","og_image":[{"url":"https:\/\/p69.com.vn\/wp-content\/uploads\/2023\/02\/nha-may-p69.png"}],"twitter_card":"summary_large_image","twitter_misc":{"Est. reading time":"2 minutes"},"schema":{"@context":"https:\/\/schema.org","@graph":[{"@type":"WebPage","@id":"https:\/\/p69.com.vn\/lich-su-hinh-thanh\/","url":"https:\/\/p69.com.vn\/lich-su-hinh-thanh\/","name":"[:vi]L\u1ecaCH S\u1eec H\u00ccNH TH\u00c0NH[:en]HISTORY OF ESTABLISHMENT[:] - P69","isPartOf":{"@id":"https:\/\/p69.com.vn\/#website"},"datePublished":"2021-12-23T04:27:08+00:00","dateModified":"2023-02-07T08:52:06+00:00","breadcrumb":{"@id":"https:\/\/p69.com.vn\/lich-su-hinh-thanh\/#breadcrumb"},"inLanguage":"en-US","potentialAction":[{"@type":"ReadAction","target":["https:\/\/p69.com.vn\/lich-su-hinh-thanh\/"]}]},{"@type":"BreadcrumbList","@id":"https:\/\/p69.com.vn\/lich-su-hinh-thanh\/#breadcrumb","itemListElement":[{"@type":"ListItem","position":1,"name":"Trang ch\u1ee7","item":"https:\/\/p69.com.vn\/"},{"@type":"ListItem","position":2,"name":"L\u1ecaCH S\u1eec H\u00ccNH TH\u00c0NH"}]},{"@type":"WebSite","@id":"https:\/\/p69.com.vn\/#website","url":"https:\/\/p69.com.vn\/","name":"P69","description":"C\u00f4ng ty C\u1ed5 Ph\u1ea7n \u0110\u1ea7u T\u01b0 P69","publisher":{"@id":"https:\/\/p69.com.vn\/#organization"},"potentialAction":[{"@type":"SearchAction","target":{"@type":"EntryPoint","urlTemplate":"https:\/\/p69.com.vn\/?s={search_term_string}"},"query-input":"required name=search_term_string"}],"inLanguage":"en-US"},{"@type":"Organization","@id":"https:\/\/p69.com.vn\/#organization","name":"P69 - Nh\u00e0 Th\u1ea7u C\u01a1 \u0110i\u1ec7n (M&E) - C\u00f4ng ty C\u1ed5 ph\u1ea7n \u0110\u1ea7u T\u01b0 P69","url":"https:\/\/p69.com.vn\/","logo":{"@type":"ImageObject","inLanguage":"en-US","@id":"https:\/\/p69.com.vn\/#\/schema\/logo\/image\/","url":"https:\/\/p69.com.vn\/wp-content\/uploads\/2022\/01\/log-3.png","contentUrl":"https:\/\/p69.com.vn\/wp-content\/uploads\/2022\/01\/log-3.png","width":80,"height":89,"caption":"P69 - Nh\u00e0 Th\u1ea7u C\u01a1 \u0110i\u1ec7n (M&E) - C\u00f4ng ty C\u1ed5 ph\u1ea7n \u0110\u1ea7u T\u01b0 P69"},"image":{"@id":"https:\/\/p69.com.vn\/#\/schema\/logo\/image\/"}}]}},"_links":{"self":[{"href":"https:\/\/p69.com.vn\/en\/wp-json\/wp\/v2\/pages\/211","targetHints":{"allow":["GET"]}}],"collection":[{"href":"https:\/\/p69.com.vn\/en\/wp-json\/wp\/v2\/pages"}],"about":[{"href":"https:\/\/p69.com.vn\/en\/wp-json\/wp\/v2\/types\/page"}],"author":[{"embeddable":true,"href":"https:\/\/p69.com.vn\/en\/wp-json\/wp\/v2\/users\/2"}],"replies":[{"embeddable":true,"href":"https:\/\/p69.com.vn\/en\/wp-json\/wp\/v2\/comments?post=211"}],"version-history":[{"count":10,"href":"https:\/\/p69.com.vn\/en\/wp-json\/wp\/v2\/pages\/211\/revisions"}],"predecessor-version":[{"id":3817,"href":"https:\/\/p69.com.vn\/en\/wp-json\/wp\/v2\/pages\/211\/revisions\/3817"}],"wp:attachment":[{"href":"https:\/\/p69.com.vn\/en\/wp-json\/wp\/v2\/media?parent=211"}],"curies":[{"name":"wp","href":"https:\/\/api.w.org\/{rel}","templated":true}]}}